{"id":890,"date":"2026-04-15T14:11:02","date_gmt":"2026-04-15T19:11:02","guid":{"rendered":"https:\/\/vhairloft.com\/?page_id=890"},"modified":"2026-04-18T15:55:07","modified_gmt":"2026-04-18T20:55:07","slug":"deposit-and-cancellation-policy","status":"publish","type":"page","link":"https:\/\/vhairloft.com\/es\/deposit-and-cancellation-policy\/","title":{"rendered":"Dep\u00f3sitos y Cancelaciones"},"content":{"rendered":"<div data-elementor-type=\"wp-page\" data-elementor-id=\"890\" class=\"elementor elementor-890\">\n\t\t\t\t<div class=\"elementor-element elementor-element-ed30205 e-flex e-con-boxed e-con e-parent\" data-id=\"ed30205\" data-element_type=\"container\" data-e-type=\"container\" data-settings=\"{&quot;background_background&quot;:&quot;classic&quot;}\">\n\t\t\t\t\t<div class=\"e-con-inner\">\n\t\t<div class=\"elementor-element elementor-element-5de3b89 e-flex e-con-boxed e-con e-child\" data-id=\"5de3b89\" data-element_type=\"container\" data-e-type=\"container\">\n\t\t\t\t\t<div class=\"e-con-inner\">\n\t\t\t\t<div class=\"elementor-element elementor-element-1ace0f1 elementor-widget elementor-widget-heading\" data-id=\"1ace0f1\" data-element_type=\"widget\" data-e-type=\"widget\" data-widget_type=\"heading.default\">\n\t\t\t\t\t<h1 class=\"elementor-heading-title elementor-size-default\">DEP\u00d3SITO  <br>Y  <br>\nCANCELACI\u00d3NES<\/h1>\t\t\t\t<\/div>\n\t\t\t\t\t<\/div>\n\t\t\t\t<\/div>\n\t\t<div class=\"elementor-element elementor-element-63cce50 e-flex e-con-boxed e-con e-child\" data-id=\"63cce50\" data-element_type=\"container\" data-e-type=\"container\" data-settings=\"{&quot;background_background&quot;:&quot;classic&quot;}\">\n\t\t\t\t\t<div class=\"e-con-inner\">\n\t\t<div class=\"elementor-element elementor-element-992f3e2 e-con-full e-flex e-con e-child\" data-id=\"992f3e2\" data-element_type=\"container\" data-e-type=\"container\">\n\t\t\t\t<div class=\"elementor-element elementor-element-8f8e29a elementor-widget elementor-widget-heading\" data-id=\"8f8e29a\" data-element_type=\"widget\" data-e-type=\"widget\" data-widget_type=\"heading.default\">\n\t\t\t\t\t<h2 class=\"elementor-heading-title elementor-size-default\">Dep\u00f3sito <br>P\u00f3liza<\/h2>\t\t\t\t<\/div>\n\t\t\t\t<div class=\"elementor-element elementor-element-17e40e1 elementor-widget elementor-widget-text-editor\" data-id=\"17e40e1\" data-element_type=\"widget\" data-e-type=\"widget\" data-widget_type=\"text-editor.default\">\n\t\t\t\t\t\t\t\t\t<p>Se requiere un dep\u00f3sito no reembolsable de $50 para asegurar su cita.<\/p><p>Este dep\u00f3sito se aplicar\u00e1 al total el d\u00eda de su servicio.<\/p><p>Los dep\u00f3sitos deben enviarse dentro de 24 horas.<\/p><p>Si el dep\u00f3sito no se recibe dentro de este plazo, su solicitud de cita puede ser cancelada.<\/p>\t\t\t\t\t\t\t\t<\/div>\n\t\t\t\t<\/div>\n\t\t\t\t<div class=\"elementor-element elementor-element-476f2f3 elementor-widget-divider--view-line elementor-widget elementor-widget-divider\" data-id=\"476f2f3\" data-element_type=\"widget\" data-e-type=\"widget\" data-widget_type=\"divider.default\">\n\t\t\t\t\t\t\t<div class=\"elementor-divider\">\n\t\t\t<span class=\"elementor-divider-separator\">\n\t\t\t\t\t\t<\/span>\n\t\t<\/div>\n\t\t\t\t\t\t<\/div>\n\t\t<div class=\"elementor-element elementor-element-6fc55a1 e-con-full e-flex e-con e-child\" data-id=\"6fc55a1\" data-element_type=\"container\" data-e-type=\"container\">\n\t\t\t\t<div class=\"elementor-element elementor-element-7ad87ff elementor-widget elementor-widget-heading\" data-id=\"7ad87ff\" data-element_type=\"widget\" data-e-type=\"widget\" data-widget_type=\"heading.default\">\n\t\t\t\t\t<h2 class=\"elementor-heading-title elementor-size-default\">Cancelaci\u00f3n <br> P\u00f3liza<\/h2>\t\t\t\t<\/div>\n\t\t\t\t<div class=\"elementor-element elementor-element-3f8fc1a elementor-widget elementor-widget-text-editor\" data-id=\"3f8fc1a\" data-element_type=\"widget\" data-e-type=\"widget\" data-widget_type=\"text-editor.default\">\n\t\t\t\t\t\t\t\t\t<p>Por favor, proporcione un aviso de 2 a 3 d\u00edas si necesita reprogramar o cancelar su cita.<\/p><p>Si se da un aviso con menos de 2\u20133 d\u00edas de anticipaci\u00f3n, su dep\u00f3sito se perder\u00e1 y se requerir\u00e1 un nuevo dep\u00f3sito para reservar una cita futura.<\/p><p>Si se avisa dentro del plazo adecuado, su dep\u00f3sito puede ser trasladado a una fecha nueva.<\/p><p>Entiendo que pueden surgir emergencias inesperadas. Siempre har\u00e9 lo posible por hablar de su situaci\u00f3n con usted y encontrar una soluci\u00f3n adecuada cuando sea posible.<\/p><p>Si cree que llegara tarde, por favor llame. Las llegadas con m\u00e1s de 20 minutos de retraso resultar\u00e1n en la cancelaci\u00f3n y se requerir\u00e1 un nuevo dep\u00f3sito para reprogramar su cita.<\/p><p>Favor de inf\u00f3rmame con anticipaci\u00f3n de cualquier alergia o sensibilidad.<\/p><p>No se permiten acompa\u00f1antes ni ni\u00f1os durante las citas.<\/p><p>Gracias,<br \/>V Hair Loft<\/p>\t\t\t\t\t\t\t\t<\/div>\n\t\t\t\t<\/div>\n\t\t\t\t\t<\/div>\n\t\t\t\t<\/div>\n\t\t\t\t\t<\/div>\n\t\t\t\t<\/div>\n\t\t\t\t<\/div>","protected":false},"excerpt":{"rendered":"<p>DEPOSIT AND CANCELLATION Deposit Policy A $50 non-refundable deposit is required to secure your appointment. This deposit will be applied [&hellip;]<\/p>\n","protected":false},"author":1,"featured_media":0,"parent":0,"menu_order":0,"comment_status":"closed","ping_status":"closed","template":"","meta":{"site-sidebar-layout":"no-sidebar","site-content-layout":"","ast-site-content-layout":"full-width-container","site-content-style":"default","site-sidebar-style":"default","ast-global-header-display":"","ast-banner-title-visibility":"","ast-main-header-display":"","ast-hfb-above-header-display":"","ast-hfb-below-header-display":"","ast-hfb-mobile-header-display":"","site-post-title":"disabled","ast-breadcrumbs-content":"","ast-featured-img":"disabled","footer-sml-layout":"","ast-disable-related-posts":"","theme-transparent-header-meta":"","adv-header-id-meta":"","stick-header-meta":"","header-above-stick-meta":"","header-main-stick-meta":"","header-below-stick-meta":"","astra-migrate-meta-layouts":"default","ast-page-background-enabled":"default","ast-page-background-meta":{"desktop":{"background-color":"var(--ast-global-color-5)","background-image":"","background-repeat":"repeat","background-position":"center center","background-size":"auto","background-attachment":"scroll","background-type":"","background-media":"","overlay-type":"","overlay-color":"","overlay-opacity":"","overlay-gradient":""},"tablet":{"background-color":"","background-image":"","background-repeat":"repeat","background-position":"center center","background-size":"auto","background-attachment":"scroll","background-type":"","background-media":"","overlay-type":"","overlay-color":"","overlay-opacity":"","overlay-gradient":""},"mobile":{"background-color":"","background-image":"","background-repeat":"repeat","background-position":"center center","background-size":"auto","background-attachment":"scroll","background-type":"","background-media":"","overlay-type":"","overlay-color":"","overlay-opacity":"","overlay-gradient":""}},"ast-content-background-meta":{"desktop":{"background-color":"var(--ast-global-color-4)","background-image":"","background-repeat":"repeat","background-position":"center center","background-size":"auto","background-attachment":"scroll","background-type":"","background-media":"","overlay-type":"","overlay-color":"","overlay-opacity":"","overlay-gradient":""},"tablet":{"background-color":"var(--ast-global-color-4)","background-image":"","background-repeat":"repeat","background-position":"center center","background-size":"auto","background-attachment":"scroll","background-type":"","background-media":"","overlay-type":"","overlay-color":"","overlay-opacity":"","overlay-gradient":""},"mobile":{"background-color":"var(--ast-global-color-4)","background-image":"","background-repeat":"repeat","background-position":"center center","background-size":"auto","background-attachment":"scroll","background-type":"","background-media":"","overlay-type":"","overlay-color":"","overlay-opacity":"","overlay-gradient":""}},"footnotes":""},"class_list":["post-890","page","type-page","status-publish","hentry"],"_hostinger_reach_plugin_has_subscription_block":false,"_hostinger_reach_plugin_is_elementor":false,"_links":{"self":[{"href":"https:\/\/vhairloft.com\/es\/wp-json\/wp\/v2\/pages\/890","targetHints":{"allow":["GET"]}}],"collection":[{"href":"https:\/\/vhairloft.com\/es\/wp-json\/wp\/v2\/pages"}],"about":[{"href":"https:\/\/vhairloft.com\/es\/wp-json\/wp\/v2\/types\/page"}],"author":[{"embeddable":true,"href":"https:\/\/vhairloft.com\/es\/wp-json\/wp\/v2\/users\/1"}],"replies":[{"embeddable":true,"href":"https:\/\/vhairloft.com\/es\/wp-json\/wp\/v2\/comments?post=890"}],"version-history":[{"count":160,"href":"https:\/\/vhairloft.com\/es\/wp-json\/wp\/v2\/pages\/890\/revisions"}],"predecessor-version":[{"id":1738,"href":"https:\/\/vhairloft.com\/es\/wp-json\/wp\/v2\/pages\/890\/revisions\/1738"}],"wp:attachment":[{"href":"https:\/\/vhairloft.com\/es\/wp-json\/wp\/v2\/media?parent=890"}],"curies":[{"name":"wp","href":"https:\/\/api.w.org\/{rel}","templated":true}]}}